{"id":3466,"date":"2025-07-03T04:07:36","date_gmt":"2025-07-03T04:07:36","guid":{"rendered":"https:\/\/test123.dots.ec\/?post_type=product&#038;p=3466"},"modified":"2025-07-14T20:58:48","modified_gmt":"2025-07-14T20:58:48","slug":"curso-data-driven-decision-making","status":"publish","type":"product","link":"https:\/\/test123.dots.ec\/en\/product\/curso-data-driven-decision-making\/","title":{"rendered":"Curso data driven decision making"},"content":{"rendered":"<div data-elementor-type=\"product-post\" data-elementor-id=\"3466\" class=\"elementor elementor-3466\" data-elementor-post-type=\"product\">\n\t\t\t\t<div class=\"elementor-element elementor-element-1440d312 e-flex e-con-boxed e-con e-parent\" data-id=\"1440d312\" data-element_type=\"container\">\n\t\t\t\t\t<div class=\"e-con-inner\">\n\t\t\t\t<div class=\"elementor-element elementor-element-79396cc1 elementor-widget elementor-widget-text-editor\" data-id=\"79396cc1\" data-element_type=\"widget\" data-widget_type=\"text-editor.default\">\n\t\t\t\t<div class=\"elementor-widget-container\">\n\t\t\t\t\t\t\t\t\tdiplomado-internacional-gestion-del-talento-humano\t\t\t\t\t\t\t\t<\/div>\n\t\t\t\t<\/div>\n\t\t\t\t\t<\/div>\n\t\t\t\t<\/div>\n\t\t<div class=\"elementor-element elementor-element-6d71d38 e-flex e-con-boxed e-con e-parent\" data-id=\"6d71d38\" data-element_type=\"container\">\n\t\t\t\t\t<div class=\"e-con-inner\">\n\t\t\t\t<div class=\"elementor-element elementor-element-8a70e1e elementor-widget elementor-widget-heading\" data-id=\"8a70e1e\" data-element_type=\"widget\" data-widget_type=\"heading.default\">\n\t\t\t\t<div class=\"elementor-widget-container\">\n\t\t\t\t\t<h2 class=\"elementor-heading-title elementor-size-default\">A\u00f1ade aqu\u00ed tu texto de cabecera<\/h2>\t\t\t\t<\/div>\n\t\t\t\t<\/div>\n\t\t\t\t\t<\/div>\n\t\t\t\t<\/div>\n\t\t\t\t<\/div>","protected":false},"excerpt":{"rendered":"<p><strong>La capacidad de tomar decisiones basadas en evidencia se ha vuelto esencial en entornos profesionales din\u00e1micos.<\/strong> Este curso ofrece un enfoque pr\u00e1ctico para integrar datos en el proceso de toma de decisiones, combinando an\u00e1lisis, visualizaci\u00f3n e interpretaci\u00f3n de informaci\u00f3n con herramientas accesibles y aplicables como Excel y Power BI.<\/p>","protected":false},"featured_media":2154,"comment_status":"open","ping_status":"closed","template":"","meta":{"_acf_changed":false,"pagelayer_contact_templates":[],"_pagelayer_content":""},"product_brand":[59],"product_cat":[54],"product_tag":[66],"class_list":{"0":"post-3466","1":"product","2":"type-product","3":"status-publish","4":"has-post-thumbnail","6":"product_brand-ecotec","7":"product_cat-marketing-y-comunicacion","8":"product_tag-cursos","10":"first","11":"instock","12":"virtual","13":"taxable","14":"purchasable","15":"product-type-simple"},"acf":[],"jetpack_sharing_enabled":true,"_links":{"self":[{"href":"https:\/\/test123.dots.ec\/en\/wp-json\/wp\/v2\/product\/3466","targetHints":{"allow":["GET"]}}],"collection":[{"href":"https:\/\/test123.dots.ec\/en\/wp-json\/wp\/v2\/product"}],"about":[{"href":"https:\/\/test123.dots.ec\/en\/wp-json\/wp\/v2\/types\/product"}],"replies":[{"embeddable":true,"href":"https:\/\/test123.dots.ec\/en\/wp-json\/wp\/v2\/comments?post=3466"}],"version-history":[{"count":4,"href":"https:\/\/test123.dots.ec\/en\/wp-json\/wp\/v2\/product\/3466\/revisions"}],"predecessor-version":[{"id":4632,"href":"https:\/\/test123.dots.ec\/en\/wp-json\/wp\/v2\/product\/3466\/revisions\/4632"}],"wp:featuredmedia":[{"embeddable":true,"href":"https:\/\/test123.dots.ec\/en\/wp-json\/wp\/v2\/media\/2154"}],"wp:attachment":[{"href":"https:\/\/test123.dots.ec\/en\/wp-json\/wp\/v2\/media?parent=3466"}],"wp:term":[{"taxonomy":"product_brand","embeddable":true,"href":"https:\/\/test123.dots.ec\/en\/wp-json\/wp\/v2\/product_brand?post=3466"},{"taxonomy":"product_cat","embeddable":true,"href":"https:\/\/test123.dots.ec\/en\/wp-json\/wp\/v2\/product_cat?post=3466"},{"taxonomy":"product_tag","embeddable":true,"href":"https:\/\/test123.dots.ec\/en\/wp-json\/wp\/v2\/product_tag?post=3466"}],"curies":[{"name":"wp","href":"https:\/\/api.w.org\/{rel}","templated":true}]}}